{"id":3038,"date":"2021-04-27T16:02:46","date_gmt":"2021-04-27T22:02:46","guid":{"rendered":"https:\/\/terminalpublicapuntavenado.com\/?page_id=3038"},"modified":"2021-04-27T16:03:22","modified_gmt":"2021-04-27T22:03:22","slug":"protocolo-covid-19","status":"publish","type":"page","link":"https:\/\/terminalpublicapuntavenado.com\/en\/protocolo-covid-19\/","title":{"rendered":"COVID-19 Protocol"},"content":{"rendered":"\t\t<div data-elementor-type=\"wp-page\" data-elementor-id=\"3038\" class=\"elementor elementor-3038\">\n\t\t\t\t\t\t<div class=\"elementor-section elementor-top-section elementor-element elementor-element-912472f elementor-section-boxed elementor-section-height-default elementor-section-height-default\" data-id=\"912472f\" data-element_type=\"section\" data-e-type=\"section\" data-settings=\"{&quot;background_background&quot;:&quot;classic&quot;,&quot;background_motion_fx_translateY_effect&quot;:&quot;yes&quot;,&quot;background_motion_fx_translateY_speed&quot;:{&quot;unit&quot;:&quot;px&quot;,&quot;size&quot;:3,&quot;sizes&quot;:[]},&quot;background_motion_fx_translateY_affectedRange&quot;:{&quot;unit&quot;:&quot;%&quot;,&quot;size&quot;:&quot;&quot;,&quot;sizes&quot;:{&quot;start&quot;:20,&quot;end&quot;:80}},&quot;background_motion_fx_devices&quot;:[&quot;desktop&quot;,&quot;tablet&quot;,&quot;mobile&quot;]}\">\n\t\t\t\t\t\t<div class=\"elementor-container elementor-column-gap-no\">\n\t\t\t\t\t<div class=\"elementor-column elementor-col-50 elementor-top-column elementor-element elementor-element-f47023a\" data-id=\"f47023a\" data-element_type=\"column\" data-e-type=\"column\" data-settings=\"{&quot;background_background&quot;:&quot;classic&quot;}\">\n\t\t\t<div class=\"elementor-widget-wrap elementor-element-populated\">\n\t\t\t\t\t\t<div class=\"elementor-element elementor-element-0a5e418 elementor-widget elementor-widget-image\" data-id=\"0a5e418\" data-element_type=\"widget\" data-e-type=\"widget\" data-widget_type=\"image.default\">\n\t\t\t\t<div class=\"elementor-widget-container\">\n\t\t\t\t\t\t\t\t\t\t\t\t\t\t\t<img decoding=\"async\" src=\"https:\/\/terminalpublicapuntavenado.com\/wp-content\/uploads\/elementor\/thumbs\/TerminalPublicaPuntaVenado-Logo-722x379-1-p2rteuhsadw4171gxhjeqbq8zopnlzec1p64stiz78.png\" title=\"TerminalPublicaPuntaVenado-Logo-722&#215;379\" alt=\"TerminalPublicaPuntaVenado-Logo-722x379\" loading=\"lazy\" \/>\t\t\t\t\t\t\t\t\t\t\t\t\t\t\t<\/div>\n\t\t\t\t<\/div>\n\t\t\t\t<div class=\"elementor-element elementor-element-4c06bad elementor-widget elementor-widget-spacer\" data-id=\"4c06bad\" data-element_type=\"widget\" data-e-type=\"widget\" data-widget_type=\"spacer.default\">\n\t\t\t\t<div class=\"elementor-widget-container\">\n\t\t\t\t\t\t\t<div class=\"elementor-spacer\">\n\t\t\t<div class=\"elementor-spacer-inner\"><\/div>\n\t\t<\/div>\n\t\t\t\t\t\t<\/div>\n\t\t\t\t<\/div>\n\t\t\t\t<div class=\"elementor-element elementor-element-ec94dcc elementor-widget elementor-widget-heading\" data-id=\"ec94dcc\" data-element_type=\"widget\" data-e-type=\"widget\" data-widget_type=\"heading.default\">\n\t\t\t\t<div class=\"elementor-widget-container\">\n\t\t\t\t\t<h2 class=\"elementor-heading-title elementor-size-default\">PROTOCOLO SANITARIO\nPARA EL ACCESO A LA\nTERMINAL P\u00daBLICA PUNTA VENADO<\/h2>\t\t\t\t<\/div>\n\t\t\t\t<\/div>\n\t\t\t\t\t<\/div>\n\t\t<\/div>\n\t\t\t\t<div class=\"elementor-column elementor-col-50 elementor-top-column elementor-element elementor-element-6428d0c\" data-id=\"6428d0c\" data-element_type=\"column\" data-e-type=\"column\" data-settings=\"{&quot;background_background&quot;:&quot;classic&quot;}\">\n\t\t\t<div class=\"elementor-widget-wrap elementor-element-populated\">\n\t\t\t\t\t\t<div class=\"elementor-element elementor-element-1cf8d8b elementor-widget elementor-widget-text-editor\" data-id=\"1cf8d8b\" data-element_type=\"widget\" data-e-type=\"widget\" data-widget_type=\"text-editor.default\">\n\t\t\t\t<div class=\"elementor-widget-container\">\n\t\t\t\t\t\t\t\t\t<p><strong>Toda persona que ingrese a las instalaciones de la Terminal P\u00fablica Punta Venado deber\u00e1 cumplir con lo siguiente:<\/strong><\/p><p>\u2022 Si se desea hacer uso del servicio de transporte prestado por las navieras para el cruce a la Isla de Cozumel, se recomienda presentarse en la Terminal con al menos dos horas de anticipaci\u00f3n a la hora de salida del ferry que se abordar\u00e1.<\/p><p>\u2022 Permitir que se le tome la temperatura en la frente a todos los pasajeros que se encuentren dentro del veh\u00edculo en el que se presenten para viajar. En caso de que alguno presente temperatura mayor a 37.5\u00b0, se har\u00e1 del conocimiento de las navieras que prestan el servicio de transporte de carga.<\/p><p>\u2022 En todo momento se deber\u00e1 usar correctamente el cubrebocas, cubriendo por completo nariz y boca.<\/p><p>\u2022 Durante toda su estancia en la Terminal, los usuarios deber\u00e1n permanecer dentro de sus veh\u00edculos. En caso de requerir hacer uso de las instalaciones del edificio Terminal, deber\u00e1n seguirse los se\u00f1alamientos e indicaciones del personal.<\/p><p>El control de la pandemia est\u00e1 en nuestras manos.<br \/>\u00a1Si te cuidas t\u00fa, nos cuidamos todos!<\/p>\t\t\t\t\t\t\t\t<\/div>\n\t\t\t\t<\/div>\n\t\t\t\t\t<\/div>\n\t\t<\/div>\n\t\t\t\t\t<\/div>\n\t\t<\/div>\n\t\t\t\t<\/div>\n\t\t","protected":false},"excerpt":{"rendered":"<p>PROTOCOLO SANITARIO PARA EL ACCESO A LA TERMINAL P\u00daBLICA PUNTA VENADO Toda persona que ingrese a las instalaciones de la Terminal P\u00fablica Punta Venado deber\u00e1 cumplir con lo siguiente: \u2022 Si se desea hacer uso del servicio [&hellip;]<\/p>\n","protected":false},"author":2,"featured_media":0,"parent":0,"menu_order":0,"comment_status":"closed","ping_status":"closed","template":"","meta":{"footnotes":""},"class_list":["post-3038","page","type-page","status-publish","hentry"],"_links":{"self":[{"href":"https:\/\/terminalpublicapuntavenado.com\/en\/wp-json\/wp\/v2\/pages\/3038","targetHints":{"allow":["GET"]}}],"collection":[{"href":"https:\/\/terminalpublicapuntavenado.com\/en\/wp-json\/wp\/v2\/pages"}],"about":[{"href":"https:\/\/terminalpublicapuntavenado.com\/en\/wp-json\/wp\/v2\/types\/page"}],"author":[{"embeddable":true,"href":"https:\/\/terminalpublicapuntavenado.com\/en\/wp-json\/wp\/v2\/users\/2"}],"replies":[{"embeddable":true,"href":"https:\/\/terminalpublicapuntavenado.com\/en\/wp-json\/wp\/v2\/comments?post=3038"}],"version-history":[{"count":0,"href":"https:\/\/terminalpublicapuntavenado.com\/en\/wp-json\/wp\/v2\/pages\/3038\/revisions"}],"wp:attachment":[{"href":"https:\/\/terminalpublicapuntavenado.com\/en\/wp-json\/wp\/v2\/media?parent=3038"}],"curies":[{"name":"wp","href":"https:\/\/api.w.org\/{rel}","templated":true}]}}